{"id":321,"date":"2020-11-02T10:46:15","date_gmt":"2020-11-02T10:46:15","guid":{"rendered":"https:\/\/harzlandhalle.com\/?page_id=321"},"modified":"2023-10-05T12:14:32","modified_gmt":"2023-10-05T12:14:32","slug":"die-harzlandhalle-in-ilsenburg","status":"publish","type":"page","link":"https:\/\/harzlandhalle.com\/?page_id=321","title":{"rendered":"Die Harzlandhalle in Ilsenburg"},"content":{"rendered":"\n<p>Die Harzlandhalle &#8211;&nbsp; ist die Event-, Show-, Sport- und Konzerthalle im Nordharz (Ilsenburg), zwischen Wernigerode und Goslar an der A36 (ehemals B6n) gelegen, bietet hochwertige Veranstaltungen. Von Handball-Turnier bis Boxgala, von Musical-Events bis Dance-Party. Im Programm finden Sie auch Revuen mit den Stars der Volksmusik, gro\u00dfe Konzerte bekannter Bands und K\u00fcnstler, Tanz-Shows, Fernsehproduktionen und viel mehr.<\/p>\n\n\n\n<p><strong>Einige H\u00f6hepunkte<\/strong><\/p>\n\n\n\n<p>Erleben Sie musikalische Superstars, Entertainer und Comedians in der beliebtesten Veranstaltungshalle des Nordharzes &#8211; der Harzlandhalle in Ilsenburg. Rund 2000 Sitzpl\u00e4tze sorgen f\u00fcr das entsprechende Feeling gro\u00dfer Events, ausreichend Parkraum vor Ort und gute Verkehrsverbindungen sichern einen bequeme Anreise.<\/p>\n\n\n\n<p><strong>Sportliche Events in der Harzlandhalle<\/strong><\/p>\n\n\n\n<p>Die Harzlandhalle ist perfekt geeignet f\u00fcr gro\u00dfe sportliche Momente. Und diese gibt es hier auch seit Jahren &#8211; ob Handball, Football, Fu\u00dfball oder andere Sportarten&#8230;<\/p>\n","protected":false},"excerpt":{"rendered":"<p>Die Harzlandhalle &#8211;&nbsp; ist die Event-, Show-, Sport- und Konzerthalle im Nordharz (Ilsenburg), zwischen Wernigerode und Goslar an der A36 (ehemals B6n) gelegen, bietet hochwertige<a href=\"https:\/\/harzlandhalle.com\/?page_id=321\" class=\"more-link\">View More<\/a><\/p>\n","protected":false},"author":1,"featured_media":0,"parent":0,"menu_order":0,"comment_status":"closed","ping_status":"closed","template":"","meta":{"footnotes":""},"class_list":["post-321","page","type-page","status-publish","hentry"],"_links":{"self":[{"href":"https:\/\/harzlandhalle.com\/index.php?rest_route=\/wp\/v2\/pages\/321","targetHints":{"allow":["GET"]}}],"collection":[{"href":"https:\/\/harzlandhalle.com\/index.php?rest_route=\/wp\/v2\/pages"}],"about":[{"href":"https:\/\/harzlandhalle.com\/index.php?rest_route=\/wp\/v2\/types\/page"}],"author":[{"embeddable":true,"href":"https:\/\/harzlandhalle.com\/index.php?rest_route=\/wp\/v2\/users\/1"}],"replies":[{"embeddable":true,"href":"https:\/\/harzlandhalle.com\/index.php?rest_route=%2Fwp%2Fv2%2Fcomments&post=321"}],"version-history":[{"count":3,"href":"https:\/\/harzlandhalle.com\/index.php?rest_route=\/wp\/v2\/pages\/321\/revisions"}],"predecessor-version":[{"id":1096,"href":"https:\/\/harzlandhalle.com\/index.php?rest_route=\/wp\/v2\/pages\/321\/revisions\/1096"}],"wp:attachment":[{"href":"https:\/\/harzlandhalle.com\/index.php?rest_route=%2Fwp%2Fv2%2Fmedia&parent=321"}],"curies":[{"name":"wp","href":"https:\/\/api.w.org\/{rel}","templated":true}]}}